{"id":18,"date":"2019-11-17T16:37:38","date_gmt":"2019-11-17T16:37:38","guid":{"rendered":"http:\/\/fewo-sellin-schroeder.de\/wordpress\/?page_id=18"},"modified":"2020-08-15T10:12:34","modified_gmt":"2020-08-15T10:12:34","slug":"umgebung","status":"publish","type":"page","link":"https:\/\/fewo-sellin-schroeder.de\/?page_id=18","title":{"rendered":"Umgebung"},"content":{"rendered":"\n<h4 class=\"has-text-align-center\">Sellin und Umgebung<\/h4>\n\n\n\n<p class=\"has-text-align-center\">Sellin ist ein altes Fischerdorf und wurde im Jahre 1295 erstmals urkundlich erw\u00e4hnt.<br>Lange Zeit geh\u00f6rte dieser Ort zur Grundherrschaft der F\u00fcrsten zu Putbus.<br>Erst Ende des 19. Jahrhunderts begann sich Sellin zu einem bekannten und beliebten Badeort zu entwickeln.<\/p>\n\n\n\n<p class=\"has-text-align-center\">Sellin z\u00e4hlt heute neben Binz und G\u00f6hren zu den bedeutendsten Badeorten auf R\u00fcgen.<br>Seine besondere Lage direkt an der Ostsee und am Selliner See machen Sellin zu einem vielf\u00e4ltigen Urlaubsort. Die anliegenden Gemeinden bieten M\u00f6glichkeiten zur Erholung, zu sportlichen Aktivit\u00e4ten und Kinderabenteuern.<\/p>\n\n\n\n<div style=\"height:100px\" aria-hidden=\"true\" class=\"wp-block-spacer\"><\/div>\n\n\n\n<h4 class=\"has-text-align-center\">Das Wahrzeichen: die Selliner Seebr\u00fccke<\/h4>\n\n\n\n<p class=\"has-text-align-center\">Anfang des 20. Jahrhunderts wurde zum Anlanden der Passagierboote die Seebr\u00fccke errichtet. Sie wurde 2x zerst\u00f6rt und wieder aufgebaut und musste letztendlich wegen ihres schlechten baulichen Zustandes abgerissen werden.<\/p>\n\n\n\n<p class=\"has-text-align-center\">Der damalige Bundespr\u00e4sident Richard von Weizs\u00e4cker besuchte 1991 Sellin und setzte sich aktiv f\u00fcr den Wiederaufbau der Seebr\u00fccke ein. Bereits 1992 begann der Wiederaufbau nach den Vorbildern der Bauten von 1906 und 1925 und 1998 konnte die Seebr\u00fccke mit ihren Aufbauten offiziell er\u00f6ffnet werden.<\/p>\n\n\n\n<p class=\"has-text-align-center\">Mit 394 Metern L\u00e4nge ist sie die l\u00e4ngste Seebr\u00fccke der Insel. Sie bietet sowohl im Palmengarten wie auch im nostalgischen Kaiserpavillion ein vielf\u00e4ltiges gastronomisches Angebot.<\/p>\n\n\n\n<div style=\"height:100px\" aria-hidden=\"true\" class=\"wp-block-spacer\"><\/div>\n\n\n\n<h4 class=\"has-text-align-center\">AHOI R\u00fcgen Bade- und Erlebniswelt<\/h4>\n\n\n\n<p class=\"has-text-align-center\">Das Erlebnisbad&nbsp;<a target=\"_blank\" href=\"https:\/\/www.ahoi-ruegen.com\/\" rel=\"noreferrer noopener\">AHOI R\u00fcgen<\/a>, die Freizeitattraktion der Insel, hat ganzj\u00e4hrig f\u00fcr seine gro\u00dfen und kleinen G\u00e4ste ge\u00f6ffnet.<\/p>\n\n\n\n<p class=\"has-text-align-center\">Es befindet sich im Seepark Sellin, der auch zum Bummeln in zahlreichen Gesch\u00e4ften und Verweilen in vielf\u00e4ltigen gastronomischen Einrichtungen einl\u00e4dt. W\u00e4hrend der Sommermonate werden hier an vielen Abenden Unterhaltungsmusik und -shows angeboten.<\/p>\n\n\n\n<div style=\"height:100px\" aria-hidden=\"true\" class=\"wp-block-spacer\"><\/div>\n\n\n\n<h4 class=\"has-text-align-center\">Rasender Roland<\/h4>\n\n\n\n<p class=\"has-text-align-center\">Ein MUSS an Sch\u00f6n- wie an Schlechtwettertagen ist eine Fahrt mit dem Rasenden Roland.<br>Welcher kleine oder gro\u00dfe Junge tr\u00e4umt nicht den Traum des echten Lokomotivf\u00fchrers? Beim Rasenden Roland ist nichts unm\u00f6glich, man muss es nur rechtzeitig anmelden.<br>Den Fahrplan und weitere wichtige Informationen finden sie vor Ort am Kleinbahnhof oder unter\u00a0<a rel=\"noreferrer noopener\" target=\"_blank\" href=\"http:\/\/www.ruegensche-baederbahn.de\/\">www.ruegensche-baederbahn.de<\/a>.<\/p>\n\n\n\n<figure class=\"wp-block-image size-large\"><img loading=\"lazy\" width=\"1024\" height=\"576\" src=\"http:\/\/fewo-sellin-schroeder.de\/wordpress\/wp-content\/uploads\/2020\/08\/IMG_0490_be-1024x576.jpg\" alt=\"\" class=\"wp-image-96\" srcset=\"https:\/\/fewo-sellin-schroeder.de\/wp-content\/uploads\/2020\/08\/IMG_0490_be-1024x576.jpg 1024w, https:\/\/fewo-sellin-schroeder.de\/wp-content\/uploads\/2020\/08\/IMG_0490_be-300x169.jpg 300w, https:\/\/fewo-sellin-schroeder.de\/wp-content\/uploads\/2020\/08\/IMG_0490_be-768x432.jpg 768w, https:\/\/fewo-sellin-schroeder.de\/wp-content\/uploads\/2020\/08\/IMG_0490_be-1536x864.jpg 1536w, https:\/\/fewo-sellin-schroeder.de\/wp-content\/uploads\/2020\/08\/IMG_0490_be.jpg 1920w\" sizes=\"(max-width: 1024px) 100vw, 1024px\" \/><\/figure>\n\n\n\n<div style=\"height:100px\" aria-hidden=\"true\" class=\"wp-block-spacer\"><\/div>\n\n\n\n<h4 class=\"has-text-align-center\">Theater Putbus<\/h4>\n\n\n\n<p class=\"has-text-align-center\">Das\u00a0<a rel=\"noreferrer noopener\" target=\"_blank\" href=\"http:\/\/www.theater-vorpommern.de\/theater\/putbus.html\">Theater in Putbus<\/a>\u00a0wurde unter dem R\u00fcgener F\u00fcrsten Wilhelm Malte I. als Sommertheater errichtet.<br>Es ist ein kleines, liebevoll hergerichtetes Theater, das sich f\u00fcr einen Besuch lohnt. Karten sollten rechtzeitg bestellt werden.<\/p>\n\n\n\n<div style=\"height:100px\" aria-hidden=\"true\" class=\"wp-block-spacer\"><\/div>\n\n\n\n<h4 class=\"has-text-align-center\">Regentag ist Museumstag<\/h4>\n\n\n\n<p class=\"has-text-align-center\">Kein Sommer-Sonnen-Strandwetter? Nicht den Kopf h\u00e4ngen lassen: Regentage sind Museumstage.<\/p>\n\n\n\n<p class=\"has-text-align-center\">Auf keinen Fall sollte man einen Besuch im<a target=\"_blank\" href=\"http:\/\/www.ozeaneum.de\/\" rel=\"noreferrer noopener\">&nbsp;Meeresmuseum und Ozeaneum<\/a>&nbsp;in Stralsund verpassen.<br>Hier &#8222;erlebt&#8220; man eine einmalige Unterwasserreise durch die n\u00f6rdlichen Gew\u00e4sser unserer Erde.<\/p>\n\n\n\n<p class=\"has-text-align-center\">In Middelhagen befindet sich ein&nbsp;<a target=\"_blank\" href=\"http:\/\/www.middelhagen.de\/schulmuseum\" rel=\"noreferrer noopener\">Schulmuseum<\/a>&nbsp;im ehemaligen K\u00fcsterhaus. Hier erh\u00e4lt man noch einmal einen Eindruck des Schulunterrichts aus ganz fr\u00fchen Zeiten, kann Unterrichtsmittel aus Gro\u00df- und Urgro\u00dfeltern-Zeiten betrachten.<\/p>\n\n\n\n<p class=\"has-text-align-center\">Regelm\u00e4\u00dfig findet in G\u00f6hren der Museumsmarkt statt. Dort kann man regionale K\u00fcche und Handwerkskunst erleben und ein altes Fischerhaus mit allem damals \u00fcblichen Inventar besichtigen.<\/p>\n","protected":false},"excerpt":{"rendered":"<p>Sellin und Umgebung Sellin ist ein altes Fischerdorf und wurde im Jahre 1295 erstmals urkundlich&hellip;<\/p>\n","protected":false},"author":1,"featured_media":0,"parent":0,"menu_order":0,"comment_status":"closed","ping_status":"closed","template":"","meta":[],"_links":{"self":[{"href":"https:\/\/fewo-sellin-schroeder.de\/index.php?rest_route=\/wp\/v2\/pages\/18"}],"collection":[{"href":"https:\/\/fewo-sellin-schroeder.de\/index.php?rest_route=\/wp\/v2\/pages"}],"about":[{"href":"https:\/\/fewo-sellin-schroeder.de\/index.php?rest_route=\/wp\/v2\/types\/page"}],"author":[{"embeddable":true,"href":"https:\/\/fewo-sellin-schroeder.de\/index.php?rest_route=\/wp\/v2\/users\/1"}],"replies":[{"embeddable":true,"href":"https:\/\/fewo-sellin-schroeder.de\/index.php?rest_route=%2Fwp%2Fv2%2Fcomments&post=18"}],"version-history":[{"count":7,"href":"https:\/\/fewo-sellin-schroeder.de\/index.php?rest_route=\/wp\/v2\/pages\/18\/revisions"}],"predecessor-version":[{"id":98,"href":"https:\/\/fewo-sellin-schroeder.de\/index.php?rest_route=\/wp\/v2\/pages\/18\/revisions\/98"}],"wp:attachment":[{"href":"https:\/\/fewo-sellin-schroeder.de\/index.php?rest_route=%2Fwp%2Fv2%2Fmedia&parent=18"}],"curies":[{"name":"wp","href":"https:\/\/api.w.org\/{rel}","templated":true}]}}